{"id":536,"date":"2017-06-13T17:11:08","date_gmt":"2017-06-13T15:11:08","guid":{"rendered":"http:\/\/tcnoire.com\/?page_id=536"},"modified":"2025-06-24T17:46:31","modified_gmt":"2025-06-24T15:46:31","slug":"tattoo-2","status":"publish","type":"page","link":"https:\/\/tcnoire.com\/en\/tattoo-2\/","title":{"rendered":"Tattoo"},"content":{"rendered":"<p>[et_pb_section fb_built=&#8221;1&#8243; fullwidth=&#8221;on&#8221; _builder_version=&#8221;3.22&#8243;][et_pb_fullwidth_header title=&#8221;Tattoo&#8221; text_orientation=&#8221;center&#8221; logo_image_url=&#8221;https:\/\/tcnoire.com\/wp-content\/uploads\/2017\/02\/logo_tcnoire.png&#8221; content_max_width=&#8221;none&#8221; title_font_color=&#8221;#ffffff&#8221; _builder_version=&#8221;3.16&#8243; title_font=&#8221;Abel|on||on|&#8221; title_text_color=&#8221;#ffffff&#8221; title_font_size=&#8221;60&#8243; content_font_size=&#8221;14&#8243; subhead_font_size=&#8221;18&#8243; background_color=&#8221;rgba(255, 255, 255, 0)&#8221; background_image=&#8221;https:\/\/tcnoire.com\/wp-content\/uploads\/2017\/02\/paralax2.jpg&#8221; parallax=&#8221;on&#8221; custom_css_title=&#8221;padding:50px 0px;&#8221; background_url=&#8221;https:\/\/tcnoire.com\/wp-content\/uploads\/2017\/02\/paralax2.jpg&#8221; button_one_letter_spacing_hover=&#8221;0&#8243; button_two_letter_spacing_hover=&#8221;0&#8243; button_one_text_size__hover_enabled=&#8221;off&#8221; button_one_text_size__hover=&#8221;null&#8221; button_two_text_size__hover_enabled=&#8221;off&#8221; button_two_text_size__hover=&#8221;null&#8221; button_one_text_color__hover_enabled=&#8221;off&#8221; button_one_text_color__hover=&#8221;null&#8221; button_two_text_color__hover_enabled=&#8221;off&#8221; button_two_text_color__hover=&#8221;null&#8221; button_one_border_width__hover_enabled=&#8221;off&#8221; button_one_border_width__hover=&#8221;null&#8221; button_two_border_width__hover_enabled=&#8221;off&#8221; button_two_border_width__hover=&#8221;null&#8221; button_one_border_color__hover_enabled=&#8221;off&#8221; button_one_border_color__hover=&#8221;null&#8221; button_two_border_color__hover_enabled=&#8221;off&#8221; button_two_border_color__hover=&#8221;null&#8221; button_one_border_radius__hover_enabled=&#8221;off&#8221; button_one_border_radius__hover=&#8221;null&#8221; button_two_border_radius__hover_enabled=&#8221;off&#8221; button_two_border_radius__hover=&#8221;null&#8221; button_one_letter_spacing__hover_enabled=&#8221;on&#8221; button_one_letter_spacing__hover=&#8221;0&#8243; button_two_letter_spacing__hover_enabled=&#8221;on&#8221; button_two_letter_spacing__hover=&#8221;0&#8243; button_one_bg_color__hover_enabled=&#8221;off&#8221; button_one_bg_color__hover=&#8221;null&#8221; button_two_bg_color__hover_enabled=&#8221;off&#8221; button_two_bg_color__hover=&#8221;null&#8221;][\/et_pb_fullwidth_header][\/et_pb_section][et_pb_section fb_built=&#8221;1&#8243; _builder_version=&#8221;3.22&#8243; background_color=&#8221;#000000&#8243; transparent_background=&#8221;off&#8221; make_fullwidth=&#8221;off&#8221; use_custom_width=&#8221;off&#8221; width_unit=&#8221;on&#8221; custom_width_px=&#8221;1080&#8243; custom_width_percent=&#8221;80&#8243;][et_pb_row column_structure=&#8221;1_2,1_2&#8243; _builder_version=&#8221;3.25&#8243; background_size=&#8221;initial&#8221; background_position=&#8221;top_left&#8221; background_repeat=&#8221;repeat&#8221;][et_pb_column type=&#8221;1_2&#8243; _builder_version=&#8221;3.0.47&#8243; custom_padding=&#8221;|||&#8221; custom_padding__hover=&#8221;|||&#8221;][et_pb_text _builder_version=&#8221;3.27.4&#8243; text_letter_spacing=&#8221;0&#8243; text_line_height=&#8221;1.7&#8243; header_font_size=&#8221;30&#8243; header_letter_spacing=&#8221;0&#8243; header_line_height=&#8221;1&#8243; background_size=&#8221;initial&#8221; background_position=&#8221;top_left&#8221; background_repeat=&#8221;repeat&#8221; use_border_color=&#8221;off&#8221; border_color=&#8221;#ffffff&#8221; border_width=&#8221;1&#8243; border_style=&#8221;solid&#8221;]<\/p>\n<h2 class=\"head_unterseite\">TO BEGIN WITH<\/h2>\n<p>[\/et_pb_text][et_pb_text _builder_version=&#8221;4.9.4&#8243; text_letter_spacing=&#8221;0&#8243; text_line_height=&#8221;1.7&#8243; header_font_size=&#8221;30&#8243; header_letter_spacing=&#8221;0&#8243; header_line_height=&#8221;1&#8243; background_size=&#8221;initial&#8221; background_position=&#8221;top_left&#8221; background_repeat=&#8221;repeat&#8221; use_border_color=&#8221;off&#8221; border_color=&#8221;#ffffff&#8221; border_width=&#8221;1&#8243; border_style=&#8221;solid&#8221;]<\/p>\n<p>For each customer, a consent declaration is required, which can only be completed personally in the studio. The minimum age for tattoos is <strong>18 years<\/strong>!<\/p>\n<p>DON&#8217;T FORGET YOUR ID!<\/p>\n<p>Our prices are based on detail, color and size of the original and vary from motive to motive. For more detailed information or a costs estimate, please do not hesitate to contact us personally.<\/p>\n<p>Our studio was inspected by the Erlangen-H\u00f6chstadt District Health Office.<\/p>\n<p>&nbsp;<\/p>\n<p>[\/et_pb_text][et_pb_text _builder_version=&#8221;4.9.4&#8243; text_letter_spacing=&#8221;0&#8243; text_line_height=&#8221;1.7&#8243; header_font_size=&#8221;30&#8243; header_letter_spacing=&#8221;0&#8243; header_line_height=&#8221;1&#8243; background_size=&#8221;initial&#8221; background_position=&#8221;top_left&#8221; background_repeat=&#8221;repeat&#8221; use_border_color=&#8221;off&#8221; border_color=&#8221;#ffffff&#8221; border_width=&#8221;1&#8243; border_style=&#8221;solid&#8221;]<\/p>\n<h2 class=\"head_unterseite\">Down payment<\/h2>\n<p>[\/et_pb_text][et_pb_text _builder_version=&#8221;4.9.4&#8243; background_size=&#8221;initial&#8221; background_position=&#8221;top_left&#8221; background_repeat=&#8221;repeat&#8221; vertical_offset_tablet=&#8221;0&#8243; horizontal_offset_tablet=&#8221;0&#8243; z_index_tablet=&#8221;0&#8243; text_text_shadow_horizontal_length_tablet=&#8221;0px&#8221; text_text_shadow_vertical_length_tablet=&#8221;0px&#8221; text_text_shadow_blur_strength_tablet=&#8221;1px&#8221; link_text_shadow_horizontal_length_tablet=&#8221;0px&#8221; link_text_shadow_vertical_length_tablet=&#8221;0px&#8221; link_text_shadow_blur_strength_tablet=&#8221;1px&#8221; ul_text_shadow_horizontal_length_tablet=&#8221;0px&#8221; ul_text_shadow_vertical_length_tablet=&#8221;0px&#8221; ul_text_shadow_blur_strength_tablet=&#8221;1px&#8221; ol_text_shadow_horizontal_length_tablet=&#8221;0px&#8221; ol_text_shadow_vertical_length_tablet=&#8221;0px&#8221; ol_text_shadow_blur_strength_tablet=&#8221;1px&#8221; quote_text_shadow_horizontal_length_tablet=&#8221;0px&#8221; quote_text_shadow_vertical_length_tablet=&#8221;0px&#8221; quote_text_shadow_blur_strength_tablet=&#8221;1px&#8221; header_text_shadow_horizontal_length_tablet=&#8221;0px&#8221; header_text_shadow_vertical_length_tablet=&#8221;0px&#8221; header_text_shadow_blur_strength_tablet=&#8221;1px&#8221; header_2_text_shadow_horizontal_length_tablet=&#8221;0px&#8221; header_2_text_shadow_vertical_length_tablet=&#8221;0px&#8221; header_2_text_shadow_blur_strength_tablet=&#8221;1px&#8221; header_3_text_shadow_horizontal_length_tablet=&#8221;0px&#8221; header_3_text_shadow_vertical_length_tablet=&#8221;0px&#8221; header_3_text_shadow_blur_strength_tablet=&#8221;1px&#8221; header_4_text_shadow_horizontal_length_tablet=&#8221;0px&#8221; header_4_text_shadow_vertical_length_tablet=&#8221;0px&#8221; header_4_text_shadow_blur_strength_tablet=&#8221;1px&#8221; header_5_text_shadow_horizontal_length_tablet=&#8221;0px&#8221; header_5_text_shadow_vertical_length_tablet=&#8221;0px&#8221; header_5_text_shadow_blur_strength_tablet=&#8221;1px&#8221; header_6_text_shadow_horizontal_length_tablet=&#8221;0px&#8221; header_6_text_shadow_vertical_length_tablet=&#8221;0px&#8221; header_6_text_shadow_blur_strength_tablet=&#8221;1px&#8221; border_width_all_tablet=&#8221;25&#8243; box_shadow_horizontal_tablet=&#8221;0px&#8221; box_shadow_vertical_tablet=&#8221;0px&#8221; box_shadow_blur_tablet=&#8221;40px&#8221; box_shadow_spread_tablet=&#8221;0px&#8221; use_border_color=&#8221;off&#8221;]<\/p>\n<p>Down payments will only be charged with an actual tattoo-appointment and will not be refunded! The down payment consists of the workload, e.g. advice, answering e-mails, sketches, and of course, the appointment itself. In the case of cancellation or non-compliance with the date, as well as in cases of illness, the deposit will not be refunded. For a new appointment we ask for a new deposit.<\/p>\n<p>We ask for your understanding.<\/p>\n<p>The <strong>Aftercare<\/strong> you could find on <strong>FAQ<\/strong>.<\/p>\n<p>[\/et_pb_text][\/et_pb_column][et_pb_column type=&#8221;1_2&#8243; _builder_version=&#8221;3.0.47&#8243; custom_padding=&#8221;|||&#8221; custom_padding__hover=&#8221;|||&#8221;][et_pb_gallery gallery_ids=&#8221;238,998,272,1233&#8243; posts_number=&#8221;6&#8243; show_title_and_caption=&#8221;off&#8221; show_pagination=&#8221;off&#8221; zoom_icon_color=&#8221;#000000&#8243; hover_icon=&#8221;%%51%%&#8221; _builder_version=&#8221;4.9.4&#8243; hover_enabled=&#8221;0&#8243; border_width_all=&#8221;1px&#8221; border_color_all=&#8221;#ffffff&#8221; border_style_all=&#8221;solid&#8221; use_border_color=&#8221;on&#8221; border_color=&#8221;#ffffff&#8221; border_style=&#8221;solid&#8221; sticky_enabled=&#8221;0&#8243;][\/et_pb_gallery][\/et_pb_column][\/et_pb_row][\/et_pb_section][et_pb_section fb_built=&#8221;1&#8243; _builder_version=&#8221;3.22&#8243; background_image=&#8221;https:\/\/tcnoire.com\/wp-content\/uploads\/2017\/02\/paralax3.jpg&#8221; parallax=&#8221;on&#8221; transparent_background=&#8221;off&#8221; make_fullwidth=&#8221;off&#8221; use_custom_width=&#8221;off&#8221; width_unit=&#8221;on&#8221;][et_pb_row column_structure=&#8221;1_4,1_2,1_4&#8243; _builder_version=&#8221;3.25&#8243; background_size=&#8221;initial&#8221; background_position=&#8221;top_left&#8221; background_repeat=&#8221;repeat&#8221;][et_pb_column type=&#8221;1_4&#8243; _builder_version=&#8221;3.0.47&#8243; custom_padding=&#8221;|||&#8221; custom_padding__hover=&#8221;|||&#8221;][\/et_pb_column][et_pb_column type=&#8221;1_2&#8243; _builder_version=&#8221;3.0.47&#8243; custom_padding=&#8221;|||&#8221; custom_padding__hover=&#8221;|||&#8221;][et_pb_text _builder_version=&#8221;3.27.4&#8243; text_letter_spacing=&#8221;0&#8243; text_line_height=&#8221;1.7&#8243; header_font_size=&#8221;30&#8243; header_letter_spacing=&#8221;0&#8243; header_line_height=&#8221;1&#8243; background_size=&#8221;initial&#8221; background_position=&#8221;top_left&#8221; background_repeat=&#8221;repeat&#8221; text_orientation=&#8221;center&#8221; module_alignment=&#8221;center&#8221; use_border_color=&#8221;off&#8221; border_color=&#8221;#ffffff&#8221; border_width=&#8221;1&#8243; border_style=&#8221;solid&#8221;]<\/p>\n<h2 class=\"tcnoirehead\" style=\"padding-bottom: 50px;\">Appointment<\/h2>\n<p><span class=\"contact_section\">Are you looking for a tattoo? Write us or contact us via our social networks. We are looking forward to you!<\/span><\/p>\n<p>[\/et_pb_text][et_pb_button button_url=&#8221;https:\/\/tcnoire.com\/kontakt\/?lang=en&#8221; button_text=&#8221;Make contact!&#8221; button_alignment=&#8221;center&#8221; admin_label=&#8221;Taste&#8221; _builder_version=&#8221;3.16&#8243; custom_button=&#8221;on&#8221; button_text_color=&#8221;#ffffff&#8221; button_bg_color=&#8221;rgba(255,255,255,0.1)&#8221; button_border_width=&#8221;1&#8243; button_border_color=&#8221;#ffffff&#8221; button_border_radius=&#8221;0&#8243; button_font=&#8221;Abel||||&#8221; button_use_icon=&#8221;off&#8221; background_layout=&#8221;dark&#8221; button_border_radius_hover=&#8221;0&#8243; button_letter_spacing_hover=&#8221;0&#8243; button_bg_color_hover=&#8221;rgba(255,255,255,0.3)&#8221; button_text_size__hover_enabled=&#8221;off&#8221; button_text_size__hover=&#8221;null&#8221; button_one_text_size__hover_enabled=&#8221;off&#8221; button_one_text_size__hover=&#8221;null&#8221; button_two_text_size__hover_enabled=&#8221;off&#8221; button_two_text_size__hover=&#8221;null&#8221; button_text_color__hover_enabled=&#8221;off&#8221; button_text_color__hover=&#8221;null&#8221; button_one_text_color__hover_enabled=&#8221;off&#8221; button_one_text_color__hover=&#8221;null&#8221; button_two_text_color__hover_enabled=&#8221;off&#8221; button_two_text_color__hover=&#8221;null&#8221; button_border_width__hover_enabled=&#8221;off&#8221; button_border_width__hover=&#8221;null&#8221; button_one_border_width__hover_enabled=&#8221;off&#8221; button_one_border_width__hover=&#8221;null&#8221; button_two_border_width__hover_enabled=&#8221;off&#8221; button_two_border_width__hover=&#8221;null&#8221; button_border_color__hover_enabled=&#8221;off&#8221; button_border_color__hover=&#8221;null&#8221; button_one_border_color__hover_enabled=&#8221;off&#8221; button_one_border_color__hover=&#8221;null&#8221; button_two_border_color__hover_enabled=&#8221;off&#8221; button_two_border_color__hover=&#8221;null&#8221; button_border_radius__hover_enabled=&#8221;on&#8221; button_border_radius__hover=&#8221;0&#8243; button_one_border_radius__hover_enabled=&#8221;off&#8221; button_one_border_radius__hover=&#8221;null&#8221; button_two_border_radius__hover_enabled=&#8221;off&#8221; button_two_border_radius__hover=&#8221;null&#8221; button_letter_spacing__hover_enabled=&#8221;on&#8221; button_letter_spacing__hover=&#8221;0&#8243; button_one_letter_spacing__hover_enabled=&#8221;off&#8221; button_one_letter_spacing__hover=&#8221;null&#8221; button_two_letter_spacing__hover_enabled=&#8221;off&#8221; button_two_letter_spacing__hover=&#8221;null&#8221; button_bg_color__hover_enabled=&#8221;on&#8221; button_bg_color__hover=&#8221;rgba(255,255,255,0.3)&#8221; button_one_bg_color__hover_enabled=&#8221;off&#8221; button_one_bg_color__hover=&#8221;null&#8221; button_two_bg_color__hover_enabled=&#8221;off&#8221; button_two_bg_color__hover=&#8221;null&#8221;][\/et_pb_button][\/et_pb_column][et_pb_column type=&#8221;1_4&#8243; _builder_version=&#8221;3.0.47&#8243; custom_padding=&#8221;|||&#8221; custom_padding__hover=&#8221;|||&#8221;][\/et_pb_column][\/et_pb_row][\/et_pb_section]<\/p>\n","protected":false},"excerpt":{"rendered":"<p>[et_pb_section fb_built=&#8221;1&#8243; fullwidth=&#8221;on&#8221; _builder_version=&#8221;3.22&#8243;][et_pb_fullwidth_header title=&#8221;Tattoo&#8221; text_orientation=&#8221;center&#8221; logo_image_url=&#8221;https:\/\/tcnoire.com\/wp-content\/uploads\/2017\/02\/logo_tcnoire.png&#8221; content_max_width=&#8221;none&#8221; title_font_color=&#8221;#ffffff&#8221; _builder_version=&#8221;3.16&#8243; title_font=&#8221;Abel|on||on|&#8221; title_text_color=&#8221;#ffffff&#8221; title_font_size=&#8221;60&#8243; content_font_size=&#8221;14&#8243; subhead_font_size=&#8221;18&#8243; background_color=&#8221;rgba(255, 255, 255, 0)&#8221; background_image=&#8221;https:\/\/tcnoire.com\/wp-content\/uploads\/2017\/02\/paralax2.jpg&#8221; parallax=&#8221;on&#8221; custom_css_title=&#8221;padding:50px 0px;&#8221; background_url=&#8221;https:\/\/tcnoire.com\/wp-content\/uploads\/2017\/02\/paralax2.jpg&#8221; button_one_letter_spacing_hover=&#8221;0&#8243; button_two_letter_spacing_hover=&#8221;0&#8243; button_one_text_size__hover_enabled=&#8221;off&#8221; button_one_text_size__hover=&#8221;null&#8221; button_two_text_size__hover_enabled=&#8221;off&#8221; button_two_text_size__hover=&#8221;null&#8221; button_one_text_color__hover_enabled=&#8221;off&#8221; button_one_text_color__hover=&#8221;null&#8221; button_two_text_color__hover_enabled=&#8221;off&#8221; button_two_text_color__hover=&#8221;null&#8221; button_one_border_width__hover_enabled=&#8221;off&#8221; button_one_border_width__hover=&#8221;null&#8221; button_two_border_width__hover_enabled=&#8221;off&#8221; button_two_border_width__hover=&#8221;null&#8221; button_one_border_color__hover_enabled=&#8221;off&#8221; button_one_border_color__hover=&#8221;null&#8221; button_two_border_color__hover_enabled=&#8221;off&#8221; button_two_border_color__hover=&#8221;null&#8221; button_one_border_radius__hover_enabled=&#8221;off&#8221; button_one_border_radius__hover=&#8221;null&#8221; button_two_border_radius__hover_enabled=&#8221;off&#8221; button_two_border_radius__hover=&#8221;null&#8221; button_one_letter_spacing__hover_enabled=&#8221;on&#8221; button_one_letter_spacing__hover=&#8221;0&#8243; button_two_letter_spacing__hover_enabled=&#8221;on&#8221; button_two_letter_spacing__hover=&#8221;0&#8243; button_one_bg_color__hover_enabled=&#8221;off&#8221; button_one_bg_color__hover=&#8221;null&#8221; button_two_bg_color__hover_enabled=&#8221;off&#8221; button_two_bg_color__hover=&#8221;null&#8221;][\/et_pb_fullwidth_header][\/et_pb_section][et_pb_section fb_built=&#8221;1&#8243; [&hellip;]<\/p>\n","protected":false},"author":1,"featured_media":0,"parent":0,"menu_order":0,"comment_status":"closed","ping_status":"closed","template":"","meta":{"_et_pb_use_builder":"on","_et_pb_old_content":"[et_pb_section bb_built=\"1\" admin_label=\"Sektion\" fullwidth=\"on\" specialty=\"off\"][et_pb_fullwidth_header admin_label=\"Vollbreite Kopfzeile\" title=\"Tattoo\" background_layout=\"dark\" text_orientation=\"center\" header_fullscreen=\"off\" header_scroll_down=\"off\" background_url=\"http:\/\/tcnoire.com\/wp-content\/uploads\/2017\/02\/paralax2.jpg\" parallax=\"on\" parallax_method=\"off\" content_orientation=\"center\" image_orientation=\"center\" title_font_color=\"#ffffff\" title_font_size=\"60\" subhead_font_size=\"18\" content_font_size=\"14\" scroll_down_icon_size=\"50\" custom_button_one=\"off\" button_one_letter_spacing=\"0\" button_one_use_icon=\"default\" button_one_icon_placement=\"right\" button_one_on_hover=\"on\" button_one_letter_spacing_hover=\"0\" custom_button_two=\"off\" button_two_letter_spacing=\"0\" button_two_use_icon=\"default\" button_two_icon_placement=\"right\" button_two_on_hover=\"on\" button_two_letter_spacing_hover=\"0\" title_font=\"Abel|on||on|\" custom_css_title=\"padding:50px 0px;\" logo_image_url=\"http:\/\/tcnoire.com\/wp-content\/uploads\/2017\/02\/logo_tcnoire.png\" \/][\/et_pb_section][et_pb_section bb_built=\"1\" admin_label=\"Sektion\" fullwidth=\"off\" specialty=\"off\" transparent_background=\"off\" background_color=\"#000000\" allow_player_pause=\"off\" inner_shadow=\"off\" parallax=\"off\" parallax_method=\"on\" make_fullwidth=\"off\" use_custom_width=\"off\" width_unit=\"on\" custom_width_px=\"1080\" custom_width_percent=\"80\" make_equal=\"off\" use_custom_gutter=\"off\"][et_pb_row admin_label=\"Zeile\"][et_pb_column type=\"1_2\"][et_pb_text admin_label=\"Text\" background_layout=\"light\" text_orientation=\"left\" header_font_size=\"30\" header_letter_spacing=\"0\" header_line_height=\"1\" text_letter_spacing=\"0\" text_line_height=\"1.7\" use_border_color=\"off\" border_color=\"#ffffff\" border_width=\"1\" border_style=\"solid\"]\r\n\r\n<h2 class=\"head_unterseite\">VORAB<\/h2>\r\n\r\n[\/et_pb_text][et_pb_text admin_label=\"Text\" background_layout=\"light\" text_orientation=\"left\" header_font_size=\"30\" header_letter_spacing=\"0\" header_line_height=\"1\" text_letter_spacing=\"0\" text_line_height=\"1.7\" use_border_color=\"off\" border_color=\"#ffffff\" border_width=\"1\" border_style=\"solid\"]\r\n\r\nBei jedem Kunden ist eine Einverst\u00e4ndniserkl\u00e4rung erforderlich, die nur pers\u00f6nlich im Studio ausgef\u00fcllt werden kann. Das Mindestalter f\u00fcr T\u00e4towierungen betr\u00e4gt 18 Jahre.\r\n\r\nPERSONALAUSWEISE NICHT VERGESSEN!\r\n\r\nUnsere Preise ergeben sich aus Detailiertheit, Farbigkeit und Gr\u00f6\u00dfe der Vorlage und variieren von Motiv zu Motiv. F\u00fcr genauere Infos oder einen Kostenvoranschlag schaut doch einfach pers\u00f6nlich und unverbindlich mit eurem Wunsch bei uns vorbei!\r\n\r\n[\/et_pb_text][et_pb_text admin_label=\"Text\" background_layout=\"light\" text_orientation=\"left\" header_font_size=\"30\" header_letter_spacing=\"0\" header_line_height=\"1\" text_letter_spacing=\"0\" text_line_height=\"1.7\" use_border_color=\"off\" border_color=\"#ffffff\" border_width=\"1\" border_style=\"solid\"]\r\n\r\n<h2 class=\"head_unterseite\">ANZAHLUNG<\/h2>\r\n\r\n[\/et_pb_text][et_pb_text admin_label=\"Text\" background_layout=\"light\" text_orientation=\"left\" header_font_size=\"30\" header_letter_spacing=\"0\" header_line_height=\"1\" text_letter_spacing=\"0\" text_line_height=\"1.7\" use_border_color=\"off\" border_color=\"#ffffff\" border_width=\"1\" border_style=\"solid\"]\r\n\r\nWichtige allgemeine Info, da es manchmal Unklarheiten gibt:\r\n\r\nAnzahlungen werden <strong>NUR<\/strong> mit einem Tattootermin verrechnet und werden <strong>NICHT<\/strong> zur\u00fcckerstattet! In der Anzahlung ist der Arbeitsaufwand wie z.B. Beratung, E-Mails beantworten, Skizze anfertigen, und nat\u00fcrlich der Termin selbst enthalten. Bei Absage oder Nichteinhaltung des Termins, sowie auch bei Krankheitsfall eurerseits wird die Anzahlung nicht erstattet. F\u00fcr einen neuen Termin verlangen wir somit eine erneute Anzahlung.\r\n\r\nWir bitten hiermit um Verst\u00e4ndnis.\r\n\r\n[\/et_pb_text][\/et_pb_column][et_pb_column type=\"1_2\"][et_pb_gallery admin_label=\"Galerie\" gallery_ids=\"272,187,264,189,238,185\" fullwidth=\"off\" posts_number=\"6\" orientation=\"landscape\" show_title_and_caption=\"off\" show_pagination=\"off\" background_layout=\"light\" auto=\"off\" hover_overlay_color=\"rgba(255,255,255,0.9)\" use_border_color=\"on\" border_color=\"#ffffff\" border_style=\"solid\" zoom_icon_color=\"#000000\" hover_icon=\"%%51%%\" \/][\/et_pb_column][\/et_pb_row][\/et_pb_section][et_pb_section bb_built=\"1\" admin_label=\"Sektion\" fullwidth=\"off\" specialty=\"off\" background_image=\"http:\/\/tcnoire.com\/wp-content\/uploads\/2017\/02\/paralax3.jpg\" transparent_background=\"off\" allow_player_pause=\"off\" inner_shadow=\"off\" parallax=\"on\" parallax_method=\"on\" make_fullwidth=\"off\" use_custom_width=\"off\" width_unit=\"on\" make_equal=\"off\" use_custom_gutter=\"off\"][et_pb_row admin_label=\"Zeile\"][et_pb_column type=\"1_4\"][\/et_pb_column][et_pb_column type=\"1_2\"][et_pb_text admin_label=\"Text\" background_layout=\"light\" text_orientation=\"center\" header_font_size=\"30\" header_letter_spacing=\"0\" header_line_height=\"1\" text_letter_spacing=\"0\" text_line_height=\"1.7\" use_border_color=\"off\" border_color=\"#ffffff\" border_width=\"1\" border_style=\"solid\"]\r\n\r\n<h2 class=\"tcnoirehead\" style=\"padding-bottom:50px;\">Termin<\/h2>\r\n<span class=\"contact_section\">Du willst auch ein Tattoo? Komm vorbei, schreib uns, ruf uns an, kontaktiere uns \u00fcber unsere Sozialen Netzwerke. Wir freuen uns auf dich!<\/span>\r\n\r\n[\/et_pb_text][et_pb_button admin_label=\"Taste\" button_url=\"http:\/\/tcnoire.com\/kontakt\/\" url_new_window=\"off\" button_text=\"Kontakt aufnehmen!\" button_alignment=\"center\" background_layout=\"dark\" custom_button=\"on\" button_text_color=\"#ffffff\" button_bg_color=\"rgba(255,255,255,0.1)\" button_border_width=\"1\" button_border_color=\"#ffffff\" button_border_radius=\"0\" button_letter_spacing=\"0\" button_font=\"Abel||||\" button_use_icon=\"off\" button_icon_placement=\"right\" button_on_hover=\"on\" button_bg_color_hover=\"rgba(255,255,255,0.3)\" button_border_radius_hover=\"0\" button_letter_spacing_hover=\"0\" \/][\/et_pb_column][et_pb_column type=\"1_4\"][\/et_pb_column][\/et_pb_row][\/et_pb_section]","_et_gb_content_width":""},"_links":{"self":[{"href":"https:\/\/tcnoire.com\/en\/wp-json\/wp\/v2\/pages\/536"}],"collection":[{"href":"https:\/\/tcnoire.com\/en\/wp-json\/wp\/v2\/pages"}],"about":[{"href":"https:\/\/tcnoire.com\/en\/wp-json\/wp\/v2\/types\/page"}],"author":[{"embeddable":true,"href":"https:\/\/tcnoire.com\/en\/wp-json\/wp\/v2\/users\/1"}],"replies":[{"embeddable":true,"href":"https:\/\/tcnoire.com\/en\/wp-json\/wp\/v2\/comments?post=536"}],"version-history":[{"count":9,"href":"https:\/\/tcnoire.com\/en\/wp-json\/wp\/v2\/pages\/536\/revisions"}],"predecessor-version":[{"id":1298,"href":"https:\/\/tcnoire.com\/en\/wp-json\/wp\/v2\/pages\/536\/revisions\/1298"}],"wp:attachment":[{"href":"https:\/\/tcnoire.com\/en\/wp-json\/wp\/v2\/media?parent=536"}],"curies":[{"name":"wp","href":"https:\/\/api.w.org\/{rel}","templated":true}]}}